{"id":3,"date":"2019-09-16T22:34:00","date_gmt":"2019-09-16T22:34:00","guid":{"rendered":"https:\/\/artoffgallery.com\/?page_id=3"},"modified":"2026-01-20T06:55:01","modified_gmt":"2026-01-20T06:55:01","slug":"o-galerii","status":"publish","type":"page","link":"https:\/\/artoffgallery.com\/pl\/o-galerii","title":{"rendered":"O Galerii Sztuki OffGallery"},"content":{"rendered":"<p>Jeste\u015bmy&nbsp;<strong>galeri\u0105 sztuki wsp\u00f3\u0142czesnej<\/strong> wychodz\u0105c\u0105 poza konwencj\u0119 tradycyjnego kontaktu ze sztuk\u0105.&nbsp;<\/p>\n<p>Galeria Sztuki OffGallery to&nbsp;<strong>galeria sztuki online<\/strong> dost\u0119pna dla ka\u017cdego u\u017cytkownika internetu pasjonuj\u0105cego si\u0119 sztuk\u0105.&nbsp;Jest tak\u017ce platform\u0105 przyjazn\u0105 dla tw\u00f3rc\u00f3w i promuj\u0105c\u0105 artyst\u00f3w wsp\u00f3\u0142pracuj\u0105cych z galeri\u0105.<\/p>\n<p>Nasz\u0105 misj\u0105 jest popularyzacja sztuki poprzez prezentacj\u0119 i sprzeda\u017c prac polskich artyst\u00f3w. Wyr\u00f3\u017cnia nas profesjonalna wiedza i wysokiej jako\u015bci sztuka. Na naszej stronie znajdziecie prace artyst\u00f3w reprezentuj\u0105cych r\u00f3\u017cne dziedziny i nurty sztuki wsp\u00f3\u0142czesnej &#8211; <strong>malarstwo, rysunek, rze\u017ab\u0119, ceramik\u0119, fotografi\u0119.&nbsp;<\/strong><\/p>\n<p>Oferta Galerii jest adresowana do indywidualnych odbiorc\u00f3w \u2013 mi\u0142o\u015bnik\u00f3w sztuki, amator\u00f3w i koneser\u00f3w, kolekcjoner\u00f3w, do ka\u017cdego, kto chce zdobywa\u0107 wiedz\u0119 o rynku sztuki, kolekcjonowa\u0107 interesuj\u0105ce dzie\u0142a.&nbsp;Do przedstawicieli instytucji i firm zainteresowanych tw\u00f3rczo\u015bci\u0105 artyst\u00f3w r\u00f3\u017cnych dziedzin, &nbsp;inwestycj\u0105 w sztuk\u0119 oraz zakupem ciekawych prac.<\/p>\n<p>Za\u0142o\u017cycielem Galerii jest Magdalena Stasiak, mi\u0142o\u015bniczka kultury i sztuki, kolekcjonerka i marszand, ceni\u0105ca sobie wsp\u00f3\u0142prac\u0119 i osobiste kontakty z artystami oraz klientami. Reprezentuje istniej\u0105c\u0105 od 2016 roku w <strong>Bielsku-Bia\u0142ej<\/strong> firm\u0119 OffGallery Galeria Sztuki Magdalena Stasiak.<\/p>\n<p>Autorem nazwy i logotypu Galerii &nbsp;jest zwi\u0105zany z Bielskiem-Bia\u0142\u0105 artysta Piotr Wis\u0142a.<\/p>\n<p>Zapraszamy na prywatny spacer po \u015bwiecie sztuki.<\/p>\n<p style=\"text-align: left;\"><span style=\"font-size: 14pt;\"><strong>Sztuka jest lustrem, w kt\u00f3rym odbija si\u0119 rzeczywisto\u015b\u0107, nasz \u015bwiat i czasy w kt\u00f3rych \u017cyjemy. Chcemy aby to lustro by\u0142o obecne w ka\u017cdym domu.&nbsp;<\/strong><\/span><\/p>\n<h3>Najcz\u0119\u015bciej ogl\u0105dane<\/h3>\n<p><img decoding=\"async\" src=\"\/wp-content\/uploads\/images\/min\/artykuly\/376\/Z_cyklu_Babelgalerie_VIob6_300x300_1.jpg\" alt=\"\" class=\"\"><\/p>\n<p><a href=\"\/pl\/artysci\/348-agata-tomiczek-wolonciej\" target=\"_blank\" class=\"autor\">Agata Tomiczek-Wo\u0142onciej<\/a><\/p>\n<p><a href=\"\/pl\/prace\/malarstwo\/376-babelgalerie-vi-2014\">Z cyklu Babelgalerie VI, 2014<\/a> <span>Cena: zapytaj o cen\u0119<\/span><\/p>\n<p><img decoding=\"async\" src=\"\/wp-content\/uploads\/images\/min\/artykuly\/393\/Joanna_Rze%C5%BAnik_Z_widokiem_na_niebo_ecoline_tech_w%C5%82asna_papier_59_x_69_2018_300x300_1.jpg\" alt=\"\" class=\"\"><\/p>\n<p><a href=\"\/pl\/artysci\/392-joanna-rzeznik\" target=\"_blank\" class=\"autor\">Joanna Rze\u017anik<\/a><\/p>\n<p><a href=\"\/pl\/prace\/malarstwo\/pejzaz\/393-z-widokiem-na-niebo-2018\">Z widokiem na niebo, 2018<\/a> <span>Cena: 1.230,00 PLN<\/span><\/p>\n<p><img decoding=\"async\" src=\"\/wp-content\/uploads\/images\/min\/artykuly\/460\/NOWY_OBRAZWyspa_%C5%9Bwiat%C5%82aAgnieszka_Wilk_300x300_1.jpg\" alt=\"\" class=\"\"><\/p>\n<p><a href=\"\/pl\/artysci\/416-agnieszka-wilk\" target=\"_blank\" class=\"autor\">Agnieszka Wilk<\/a><\/p>\n<p><a href=\"\/pl\/prace\/galeria-mlodych\/460-wyspa-swiatla-2019\">Wyspa \u015bwiat\u0142a, 2019<\/a> <span>Cena: 1.200,00 PLN<\/span><\/p>\n<p><img decoding=\"async\" src=\"\/wp-content\/uploads\/images\/min\/artykuly\/404\/Joanna_Rze%C5%BAnik_-_Wieczorny_spacer_po_ulicach_Bielska_-_ecoline_tech_w%C5%82asna_papier_29_x_41_2018_300x300_1.jpg\" alt=\"\" class=\"\"><\/p>\n<p><a href=\"\/pl\/artysci\/392-joanna-rzeznik\" target=\"_blank\" class=\"autor\">Joanna Rze\u017anik<\/a><\/p>\n<p><a href=\"\/pl\/prace\/malarstwo\/pejzaz\/404-wieczorny-spacer-po-ulicach-bielska-2018\">Wieczorny spacer po ulicach Bielska, 2018<\/a> <span>Cena: 460,00 PLN<\/span><\/p>\n<p><img decoding=\"async\" src=\"\/wp-content\/uploads\/images\/min\/artykuly\/432\/IMG_Teatr_300x300_1.jpg\" alt=\"\" class=\"\"><\/p>\n<p><a href=\"\/pl\/artysci\/241-lech-helwig\" target=\"_blank\" class=\"autor\">Lech Helwig<\/a><\/p>\n<p><a href=\"\/pl\/prace\/malarstwo\/pejzaz\/432-teatr-polski-w-bielsku-bialej-2018\">Teatr Polski w Bielsku- Bia\u0142ej, 2018<\/a> <span>Cena: 300,00 PLN<\/span><\/p>\n<p><img decoding=\"async\" src=\"\/wp-content\/uploads\/images\/min\/artykuly\/428\/rynek_-_bielsko_biala_-_lech_helwig_-_obraz-_akwarela_300x300_1.jpg\" alt=\"\" class=\"\"><\/p>\n<p><a href=\"\/pl\/artysci\/241-lech-helwig\" target=\"_blank\" class=\"autor\">Lech Helwig<\/a><\/p>\n<p><a href=\"\/pl\/prace\/malarstwo\/pejzaz\/428-rynek-w-bielsku-bialej-2018\">Rynek w Bielsku &#8211; Bia\u0142ej, 2018<\/a> <span>Cena: 300,00 PLN<\/span><\/p>\n<p><img decoding=\"async\" src=\"\/wp-content\/uploads\/images\/min\/artykuly\/431\/Podcienia_300x300_1.jpg\" alt=\"\" class=\"\"><\/p>\n<p><a href=\"\/pl\/artysci\/241-lech-helwig\" target=\"_blank\" class=\"autor\">Lech Helwig<\/a><\/p>\n<p><a href=\"\/pl\/prace\/malarstwo\/pejzaz\/431-ul-podcienie-w-bielsku-bialej\">Ul. Podcienie w Bielsku &#8211; Bia\u0142ej, 2018<\/a> <span>Cena: 300,00 PLN<\/span><\/p>\n<p><img decoding=\"async\" src=\"\/wp-content\/uploads\/images\/min\/artykuly\/443\/agata-ruman-lesne-swiatlo-malarstwo-obraz_300x300_1.jpg\" alt=\"\" class=\"\"><\/p>\n<p><a href=\"\/pl\/artysci\/437-agata-ruman\" target=\"_blank\" class=\"autor\">Agata Ruman<\/a><\/p>\n<p><a href=\"\/pl\/prace\/galeria-mlodych\/443-studium-lesnego-swiatla-2016\">Studium le\u015bnego \u015bwiat\u0142a, 2016<\/a> <span>Cena: 2.000,00 PLN<\/span><\/p>\n<p><img decoding=\"async\" src=\"\/wp-content\/uploads\/images\/min\/artykuly\/418\/PRZYSZ%C5%81%C3%93%C5%9A%C4%86_JEST_NIEWYRA%C5%B9NA_300x300_1.jpg\" alt=\"\" class=\"\"><\/p>\n<p><a href=\"\/pl\/artysci\/416-agnieszka-wilk\" target=\"_blank\" class=\"autor\">Agnieszka Wilk<\/a><\/p>\n<p><a href=\"\/pl\/prace\/galeria-mlodych\/418-przyszlosc-jest-niewyrazna-2013\">Przysz\u0142o\u015b\u0107 jest niewyra\u017ana, 2013<\/a> <span>Cena: 600,00 PLN<\/span><\/p>\n<p><img decoding=\"async\" src=\"\/wp-content\/uploads\/images\/min\/artykuly\/420\/WIAT%C5%81A_300x300_1.jpg\" alt=\"\" class=\"\"><\/p>\n<p><a href=\"\/pl\/artysci\/416-agnieszka-wilk\" target=\"_blank\" class=\"autor\">Agnieszka Wilk<\/a><\/p>\n<p><a href=\"\/pl\/prace\/galeria-mlodych\/420-swiatla-2013\">\u015awiat\u0142a, 2013<\/a> <span>Cena: 600,00 PLN<\/span><\/p>\n<p><img decoding=\"async\" src=\"\/wp-content\/uploads\/images\/min\/artykuly\/379\/Monika_Dabrowska_Picewicz_-_misa_bula_-_ceramika_300x300_1.jpg\" alt=\"\" class=\"\"><\/p>\n<p><a href=\"\/pl\/artysci\/253-monika-dabrowska-picewicz\" target=\"_blank\" class=\"autor\">Monika D\u0105browska-Picewicz<\/a><\/p>\n<p><a href=\"\/pl\/prace\/ceramika\/379-bula-niebieska-i\">Bula Niebieska I, 2016<\/a> <span>Cena: 750,00 PLN<\/span><\/p>\n<p><img decoding=\"async\" src=\"\/wp-content\/uploads\/images\/min\/artykuly\/438\/agata-ruman-gra-karty-malarstwo-obraz_300x300_1.jpg\" alt=\"\" class=\"\"><\/p>\n<p><a href=\"\/pl\/artysci\/437-agata-ruman\" target=\"_blank\" class=\"autor\">Agata Ruman<\/a><\/p>\n<p><a href=\"\/pl\/prace\/galeria-mlodych\/438-nokturn-przy-kartach-2018\">Nokturn przy kartach, 2018<\/a> <span>Cena: 1.500,00 PLN<\/span><\/p>\n<p><img decoding=\"async\" src=\"\/wp-content\/uploads\/images\/min\/artykuly\/462\/JESIE%C5%83_300x300_1.jpg\" alt=\"\" class=\"\"><\/p>\n<p><a href=\"\/pl\/artysci\/416-agnieszka-wilk\" target=\"_blank\" class=\"autor\">Agnieszka Wilk<\/a><\/p>\n<p><a href=\"\/pl\/prace\/malarstwo\/pejzaz\/462-jesien\">Jesie\u0144, 2013<\/a> <span>Cena: 1.250,00 PLN<\/span><\/p>\n<p><img decoding=\"async\" src=\"\/wp-content\/uploads\/images\/min\/artykuly\/426\/IMG_Ko%C5%9Bci%C3%B3l_300x300_1.jpg\" alt=\"\" class=\"\"><\/p>\n<p><a href=\"\/pl\/artysci\/241-lech-helwig\" target=\"_blank\" class=\"autor\">Lech Helwig<\/a><\/p>\n<p><a href=\"\/pl\/prace\/malarstwo\/pejzaz\/426-kosciol-sw-barbary-bielsko-biala-2018\">Ko\u015bci\u00f3\u0142 \u015aw. Barbary (Bielsko-Bia\u0142a), 2018<\/a> <span>Cena: 250,00 PLN<\/span><\/p>\n<p><img decoding=\"async\" src=\"\/wp-content\/uploads\/images\/min\/artykuly\/400\/Joanna_Rzeznik_-_Galeria_handlowa_akwarela-technika_w%C5%82asna_na_papierze_21x295_cm_2018_300x300_1.jpg\" alt=\"\" class=\"\"><\/p>\n<p><a href=\"\/pl\/artysci\/392-joanna-rzeznik\" target=\"_blank\" class=\"autor\">Joanna Rze\u017anik<\/a><\/p>\n<p><a href=\"\/pl\/prace\/malarstwo\/pejzaz\/400-galeria-handlowa-2018\">Galeria handlowa, 2018<\/a> <span>Cena: 350,00 PLN<\/span><\/p>\n<p><img decoding=\"async\" src=\"\/wp-content\/uploads\/images\/min\/artykuly\/396\/Joanna_Rzeznik_-_Cytrynowe_lato_akwarela-technika_w%C5%82asna_na_papierze_21x295_cm_2018_300x300_1.jpg\" alt=\"\" class=\"\"><\/p>\n<p><a href=\"\/pl\/artysci\/392-joanna-rzeznik\" target=\"_blank\" class=\"autor\">Joanna Rze\u017anik<\/a><\/p>\n<p><a href=\"\/pl\/prace\/malarstwo\/pejzaz\/396-cytrynowe-lato-2018\">Cytrynowe lato, 2018<\/a> <span>Cena: 310,00<\/span><\/p>\n<p><img decoding=\"async\" src=\"\/wp-content\/uploads\/images\/min\/artykuly\/398\/Joanna_Rzeznik_-_Bezchmurny_dzie%C5%84_akwarela-technika_w%C5%82asna_na_papierze_21x295_cm_2018_300x300_1.jpg\" alt=\"\" class=\"\"><\/p>\n<p><a href=\"\/pl\/artysci\/392-joanna-rzeznik\" target=\"_blank\" class=\"autor\">Joanna Rze\u017anik<\/a><\/p>\n<p><a href=\"\/pl\/prace\/malarstwo\/pejzaz\/398-bezchmurny-dzien-2018\">Bezchmurny dzie\u0144, 2018<\/a> <span>Cena: 350,00<\/span><\/p>\n<p><img decoding=\"async\" src=\"\/wp-content\/uploads\/images\/min\/artykuly\/441\/agata-ruman-pejzaz-miasto-malarstwo-obraz_300x300_1.jpg\" alt=\"\" class=\"\"><\/p>\n<p><a href=\"\/pl\/artysci\/437-agata-ruman\" target=\"_blank\" class=\"autor\">Agata Ruman<\/a><\/p>\n<p><a href=\"\/pl\/prace\/galeria-mlodych\/441-widziane-nie-na-wlasne-oczy-2016\">Widziane nie na w\u0142asne oczy, 2016<\/a> <span>Cena: 2.200,00 PLN<\/span><\/p>\n<p><img decoding=\"async\" src=\"\/wp-content\/uploads\/images\/min\/artykuly\/402\/Joanna_Rzeznik_-_Seledynowy_poranek_akwarela-technika_w%C5%82asna_na_papierze_21x295_cm_2018_300x300_1.jpg\" alt=\"\" class=\"\"><\/p>\n<p><a href=\"\/pl\/artysci\/392-joanna-rzeznik\" target=\"_blank\" class=\"autor\">Joanna Rze\u017anik<\/a><\/p>\n<p><a href=\"\/pl\/prace\/malarstwo\/pejzaz\/402-seledynowy-poranek-2018\">Seledynowy poranek, 2018<\/a> <span>Cena: 350,00 PLN<\/span><\/p>\n<p><img decoding=\"async\" src=\"\/wp-content\/uploads\/images\/min\/artykuly\/406\/Popoludnie_na_Pami%C4%85tkowej_c_Weduty_olej_pl%C3%B3tno_110_x_90_2016_300x300_1.jpg\" alt=\"\" class=\"\"><\/p>\n<p><a href=\"\/pl\/artysci\/392-joanna-rzeznik\" target=\"_blank\" class=\"autor\">Joanna Rze\u017anik<\/a><\/p>\n<p><a href=\"\/pl\/prace\/malarstwo\/406-popoludnie-na-pamiatkowej-2016\">Popo\u0142udnie na Pami\u0105tkowej (Pozna\u0144), 2016<\/a> <span>Cena: zapytaj o cen\u0119<\/span><\/p>\n","protected":false},"excerpt":{"rendered":"<p>Jeste\u015bmy&nbsp;galeri\u0105 sztuki wsp\u00f3\u0142czesnej wychodz\u0105c\u0105 poza konwencj\u0119 tradycyjnego kontaktu ze sztuk\u0105.&nbsp; Galeria Sztuki OffGallery to&nbsp;galeria sztuki online dost\u0119pna dla ka\u017cdego u\u017cytkownika internetu pasjonuj\u0105cego si\u0119 sztuk\u0105.&nbsp;Jest tak\u017ce platform\u0105 przyjazn\u0105 dla tw\u00f3rc\u00f3w i promuj\u0105c\u0105 artyst\u00f3w wsp\u00f3\u0142pracuj\u0105cych z galeri\u0105. Nasz\u0105 misj\u0105 jest popularyzacja sztuki poprzez prezentacj\u0119 i sprzeda\u017c prac polskich artyst\u00f3w. Wyr\u00f3\u017cnia nas profesjonalna &hellip;<\/p>\n","protected":false},"author":1,"featured_media":0,"parent":0,"menu_order":0,"comment_status":"closed","ping_status":"closed","template":"","meta":{"footnotes":""},"class_list":["post-3","page","type-page","status-publish","hentry"],"yoast_head":"<!-- This site is optimized with the Yoast SEO plugin v26.8 - https:\/\/yoast.com\/product\/yoast-seo-wordpress\/ -->\n<title>Galeria Sztuki OffGallery<\/title>\n<meta name=\"description\" content=\"Galeria Sztuki OffGallery - galeria sztuki wsp\u00f3\u0142czesnej online z siedzib\u0105 w Bielsku-Bia\u0142ej. Profesjonalne doradztwo i wysokiej jako\u015bci sztuka wsp\u00f3\u0142czesna. Zainwestuj w wyj\u0105tkowe dzie\u0142a sztuki: malarstwo, grafika, rze\u017aba, ceramika, fotografia. Skontaktuj si\u0119 z nami.\" \/>\n<meta name=\"robots\" content=\"index, follow, max-snippet:-1, max-image-preview:large, max-video-preview:-1\" \/>\n<link rel=\"canonical\" href=\"https:\/\/artoffgallery.com\/pl\/o-galerii\" \/>\n<meta property=\"og:locale\" content=\"pl_PL\" \/>\n<meta property=\"og:type\" content=\"article\" \/>\n<meta property=\"og:title\" content=\"Galeria Sztuki OffGallery\" \/>\n<meta property=\"og:description\" content=\"Galeria Sztuki OffGallery - galeria sztuki wsp\u00f3\u0142czesnej online z siedzib\u0105 w Bielsku-Bia\u0142ej. Profesjonalne doradztwo i wysokiej jako\u015bci sztuka wsp\u00f3\u0142czesna. Zainwestuj w wyj\u0105tkowe dzie\u0142a sztuki: malarstwo, grafika, rze\u017aba, ceramika, fotografia. Skontaktuj si\u0119 z nami.\" \/>\n<meta property=\"og:url\" content=\"https:\/\/artoffgallery.com\/pl\/o-galerii\" \/>\n<meta property=\"og:site_name\" content=\"Galeria Sztuki OffGallery\" \/>\n<meta property=\"article:modified_time\" content=\"2026-01-20T06:55:01+00:00\" \/>\n<meta name=\"twitter:card\" content=\"summary_large_image\" \/>\n<meta name=\"twitter:label1\" content=\"Szacowany czas czytania\" \/>\n\t<meta name=\"twitter:data1\" content=\"2 minuty\" \/>\n<script type=\"application\/ld+json\" class=\"yoast-schema-graph\">{\"@context\":\"https:\/\/schema.org\",\"@graph\":[{\"@type\":\"WebPage\",\"@id\":\"https:\/\/artoffgallery.com\/pl\/o-galerii\",\"url\":\"https:\/\/artoffgallery.com\/pl\/o-galerii\",\"name\":\"Galeria Sztuki OffGallery\",\"isPartOf\":{\"@id\":\"https:\/\/artoffgallery.com\/pl\/#website\"},\"datePublished\":\"2019-09-16T22:34:00+00:00\",\"dateModified\":\"2026-01-20T06:55:01+00:00\",\"description\":\"Galeria Sztuki OffGallery - galeria sztuki wsp\u00f3\u0142czesnej online z siedzib\u0105 w Bielsku-Bia\u0142ej. Profesjonalne doradztwo i wysokiej jako\u015bci sztuka wsp\u00f3\u0142czesna. Zainwestuj w wyj\u0105tkowe dzie\u0142a sztuki: malarstwo, grafika, rze\u017aba, ceramika, fotografia. Skontaktuj si\u0119 z nami.\",\"breadcrumb\":{\"@id\":\"https:\/\/artoffgallery.com\/pl\/o-galerii#breadcrumb\"},\"inLanguage\":\"pl-PL\",\"potentialAction\":[{\"@type\":\"ReadAction\",\"target\":[\"https:\/\/artoffgallery.com\/pl\/o-galerii\"]}]},{\"@type\":\"BreadcrumbList\",\"@id\":\"https:\/\/artoffgallery.com\/pl\/o-galerii#breadcrumb\",\"itemListElement\":[{\"@type\":\"ListItem\",\"position\":1,\"name\":\"Strona g\u0142\u00f3wna\",\"item\":\"https:\/\/artoffgallery.com\/pl\"},{\"@type\":\"ListItem\",\"position\":2,\"name\":\"O Galerii Sztuki OffGallery\"}]},{\"@type\":\"WebSite\",\"@id\":\"https:\/\/artoffgallery.com\/pl\/#website\",\"url\":\"https:\/\/artoffgallery.com\/pl\/\",\"name\":\"Galeria Sztuki OffGallery\",\"description\":\"galeria sztuki online - Bielsko Bia\u0142a - PL\",\"potentialAction\":[{\"@type\":\"SearchAction\",\"target\":{\"@type\":\"EntryPoint\",\"urlTemplate\":\"https:\/\/artoffgallery.com\/pl\/?s={search_term_string}\"},\"query-input\":{\"@type\":\"PropertyValueSpecification\",\"valueRequired\":true,\"valueName\":\"search_term_string\"}}],\"inLanguage\":\"pl-PL\"}]}<\/script>\n<!-- \/ Yoast SEO plugin. -->","yoast_head_json":{"title":"Galeria Sztuki OffGallery","description":"Galeria Sztuki OffGallery - galeria sztuki wsp\u00f3\u0142czesnej online z siedzib\u0105 w Bielsku-Bia\u0142ej. Profesjonalne doradztwo i wysokiej jako\u015bci sztuka wsp\u00f3\u0142czesna. Zainwestuj w wyj\u0105tkowe dzie\u0142a sztuki: malarstwo, grafika, rze\u017aba, ceramika, fotografia. Skontaktuj si\u0119 z nami.","robots":{"index":"index","follow":"follow","max-snippet":"max-snippet:-1","max-image-preview":"max-image-preview:large","max-video-preview":"max-video-preview:-1"},"canonical":"https:\/\/artoffgallery.com\/pl\/o-galerii","og_locale":"pl_PL","og_type":"article","og_title":"Galeria Sztuki OffGallery","og_description":"Galeria Sztuki OffGallery - galeria sztuki wsp\u00f3\u0142czesnej online z siedzib\u0105 w Bielsku-Bia\u0142ej. Profesjonalne doradztwo i wysokiej jako\u015bci sztuka wsp\u00f3\u0142czesna. Zainwestuj w wyj\u0105tkowe dzie\u0142a sztuki: malarstwo, grafika, rze\u017aba, ceramika, fotografia. Skontaktuj si\u0119 z nami.","og_url":"https:\/\/artoffgallery.com\/pl\/o-galerii","og_site_name":"Galeria Sztuki OffGallery","article_modified_time":"2026-01-20T06:55:01+00:00","twitter_card":"summary_large_image","twitter_misc":{"Szacowany czas czytania":"2 minuty"},"schema":{"@context":"https:\/\/schema.org","@graph":[{"@type":"WebPage","@id":"https:\/\/artoffgallery.com\/pl\/o-galerii","url":"https:\/\/artoffgallery.com\/pl\/o-galerii","name":"Galeria Sztuki OffGallery","isPartOf":{"@id":"https:\/\/artoffgallery.com\/pl\/#website"},"datePublished":"2019-09-16T22:34:00+00:00","dateModified":"2026-01-20T06:55:01+00:00","description":"Galeria Sztuki OffGallery - galeria sztuki wsp\u00f3\u0142czesnej online z siedzib\u0105 w Bielsku-Bia\u0142ej. Profesjonalne doradztwo i wysokiej jako\u015bci sztuka wsp\u00f3\u0142czesna. Zainwestuj w wyj\u0105tkowe dzie\u0142a sztuki: malarstwo, grafika, rze\u017aba, ceramika, fotografia. Skontaktuj si\u0119 z nami.","breadcrumb":{"@id":"https:\/\/artoffgallery.com\/pl\/o-galerii#breadcrumb"},"inLanguage":"pl-PL","potentialAction":[{"@type":"ReadAction","target":["https:\/\/artoffgallery.com\/pl\/o-galerii"]}]},{"@type":"BreadcrumbList","@id":"https:\/\/artoffgallery.com\/pl\/o-galerii#breadcrumb","itemListElement":[{"@type":"ListItem","position":1,"name":"Strona g\u0142\u00f3wna","item":"https:\/\/artoffgallery.com\/pl"},{"@type":"ListItem","position":2,"name":"O Galerii Sztuki OffGallery"}]},{"@type":"WebSite","@id":"https:\/\/artoffgallery.com\/pl\/#website","url":"https:\/\/artoffgallery.com\/pl\/","name":"Galeria Sztuki OffGallery","description":"galeria sztuki online - Bielsko Bia\u0142a - PL","potentialAction":[{"@type":"SearchAction","target":{"@type":"EntryPoint","urlTemplate":"https:\/\/artoffgallery.com\/pl\/?s={search_term_string}"},"query-input":{"@type":"PropertyValueSpecification","valueRequired":true,"valueName":"search_term_string"}}],"inLanguage":"pl-PL"}]}},"_links":{"self":[{"href":"https:\/\/artoffgallery.com\/pl\/wp-json\/wp\/v2\/pages\/3","targetHints":{"allow":["GET"]}}],"collection":[{"href":"https:\/\/artoffgallery.com\/pl\/wp-json\/wp\/v2\/pages"}],"about":[{"href":"https:\/\/artoffgallery.com\/pl\/wp-json\/wp\/v2\/types\/page"}],"author":[{"embeddable":true,"href":"https:\/\/artoffgallery.com\/pl\/wp-json\/wp\/v2\/users\/1"}],"replies":[{"embeddable":true,"href":"https:\/\/artoffgallery.com\/pl\/wp-json\/wp\/v2\/comments?post=3"}],"version-history":[{"count":0,"href":"https:\/\/artoffgallery.com\/pl\/wp-json\/wp\/v2\/pages\/3\/revisions"}],"wp:attachment":[{"href":"https:\/\/artoffgallery.com\/pl\/wp-json\/wp\/v2\/media?parent=3"}],"curies":[{"name":"wp","href":"https:\/\/api.w.org\/{rel}","templated":true}]}}