{"id":2,"date":"2019-09-16T22:04:00","date_gmt":"2019-09-16T22:04:00","guid":{"rendered":"https:\/\/artoffgallery.com\/?page_id=2"},"modified":"2026-01-20T06:55:01","modified_gmt":"2026-01-20T06:55:01","slug":"kontakt","status":"publish","type":"page","link":"https:\/\/artoffgallery.com\/pl\/kontakt","title":{"rendered":"Galeria Sztuki OffGallery"},"content":{"rendered":"<h4>Kontakt&nbsp;<\/h4>\n<p>telefon: +48 33 819 36 89<\/p>\n<p>mobile: +48 605 257 432<\/p>\n<p>e-mail: <span>Ten adres pocztowy jest chroniony przed spamowaniem. Aby go zobaczy\u0107, konieczne jest w\u0142\u0105czenie w przegl\u0105darce obs\u0142ugi JavaScript.<\/span><\/p>\n<p>OffGallery Galeria Sztuki&nbsp;<\/p>\n<p>adres: ul. G\u0119sia 7<br \/>\n43-300 Bielsko-Bia\u0142a, Polska<\/p>\n<p>NIP: 954 185 66 39<br \/>\nREGON: 365244498<\/p>\n<p>nazwa banku: ING BANK \u015aL\u0104SKI S.A.<br \/>\nnumer konta: 54 1050 1070 1000 0092 3133 3940<\/p>\n<p>swift\/bic: INGBPLPW<br \/>\niban: PL 54 1050 1070 1000 0092 3133 3940<\/p>\n<h4>Napisz do nas<\/h4>\n","protected":false},"excerpt":{"rendered":"<p>Kontakt&nbsp; telefon: +48 33 819 36 89 mobile: +48 605 257 432 e-mail: Ten adres pocztowy jest chroniony przed spamowaniem. Aby go zobaczy\u0107, konieczne jest w\u0142\u0105czenie w przegl\u0105darce obs\u0142ugi JavaScript. OffGallery Galeria Sztuki&nbsp; adres: ul. G\u0119sia 7 43-300 Bielsko-Bia\u0142a, Polska NIP: 954 185 66 39 REGON: 365244498 nazwa banku: ING &hellip;<\/p>\n","protected":false},"author":1,"featured_media":0,"parent":0,"menu_order":0,"comment_status":"closed","ping_status":"closed","template":"","meta":{"footnotes":""},"class_list":["post-2","page","type-page","status-publish","hentry"],"yoast_head":"<!-- This site is optimized with the Yoast SEO plugin v26.8 - https:\/\/yoast.com\/product\/yoast-seo-wordpress\/ -->\n<title>Galeria Sztuki OffGallery | Galeria Sztuki OffGallery<\/title>\n<meta name=\"description\" content=\"Skontaktuj si\u0119 z nasz\u0105 galeri\u0105 sztuki wsp\u00f3\u0142czesnej online. Zainwestuj w wyj\u0105tkowe malarstwo, rze\u017ab\u0119, ceramik\u0119 i fotografi\u0119. Napisz do nas do Bielska - Bia\u0142ej.\" \/>\n<meta name=\"robots\" content=\"index, follow, max-snippet:-1, max-image-preview:large, max-video-preview:-1\" \/>\n<link rel=\"canonical\" href=\"https:\/\/artoffgallery.com\/pl\/kontakt\" \/>\n<meta property=\"og:locale\" content=\"pl_PL\" \/>\n<meta property=\"og:type\" content=\"article\" \/>\n<meta property=\"og:title\" content=\"Galeria Sztuki OffGallery | Galeria Sztuki OffGallery\" \/>\n<meta property=\"og:description\" content=\"Skontaktuj si\u0119 z nasz\u0105 galeri\u0105 sztuki wsp\u00f3\u0142czesnej online. Zainwestuj w wyj\u0105tkowe malarstwo, rze\u017ab\u0119, ceramik\u0119 i fotografi\u0119. Napisz do nas do Bielska - Bia\u0142ej.\" \/>\n<meta property=\"og:url\" content=\"https:\/\/artoffgallery.com\/pl\/kontakt\" \/>\n<meta property=\"og:site_name\" content=\"Galeria Sztuki OffGallery\" \/>\n<meta property=\"article:modified_time\" content=\"2026-01-20T06:55:01+00:00\" \/>\n<meta name=\"twitter:card\" content=\"summary_large_image\" \/>\n<script type=\"application\/ld+json\" class=\"yoast-schema-graph\">{\"@context\":\"https:\/\/schema.org\",\"@graph\":[{\"@type\":\"WebPage\",\"@id\":\"https:\/\/artoffgallery.com\/pl\/kontakt\",\"url\":\"https:\/\/artoffgallery.com\/pl\/kontakt\",\"name\":\"Galeria Sztuki OffGallery | Galeria Sztuki OffGallery\",\"isPartOf\":{\"@id\":\"https:\/\/artoffgallery.com\/pl\/#website\"},\"datePublished\":\"2019-09-16T22:04:00+00:00\",\"dateModified\":\"2026-01-20T06:55:01+00:00\",\"description\":\"Skontaktuj si\u0119 z nasz\u0105 galeri\u0105 sztuki wsp\u00f3\u0142czesnej online. Zainwestuj w wyj\u0105tkowe malarstwo, rze\u017ab\u0119, ceramik\u0119 i fotografi\u0119. Napisz do nas do Bielska - Bia\u0142ej.\",\"breadcrumb\":{\"@id\":\"https:\/\/artoffgallery.com\/pl\/kontakt#breadcrumb\"},\"inLanguage\":\"pl-PL\",\"potentialAction\":[{\"@type\":\"ReadAction\",\"target\":[\"https:\/\/artoffgallery.com\/pl\/kontakt\"]}]},{\"@type\":\"BreadcrumbList\",\"@id\":\"https:\/\/artoffgallery.com\/pl\/kontakt#breadcrumb\",\"itemListElement\":[{\"@type\":\"ListItem\",\"position\":1,\"name\":\"Strona g\u0142\u00f3wna\",\"item\":\"https:\/\/artoffgallery.com\/pl\"},{\"@type\":\"ListItem\",\"position\":2,\"name\":\"Galeria Sztuki OffGallery\"}]},{\"@type\":\"WebSite\",\"@id\":\"https:\/\/artoffgallery.com\/pl\/#website\",\"url\":\"https:\/\/artoffgallery.com\/pl\/\",\"name\":\"Galeria Sztuki OffGallery\",\"description\":\"galeria sztuki online - Bielsko Bia\u0142a - PL\",\"potentialAction\":[{\"@type\":\"SearchAction\",\"target\":{\"@type\":\"EntryPoint\",\"urlTemplate\":\"https:\/\/artoffgallery.com\/pl\/?s={search_term_string}\"},\"query-input\":{\"@type\":\"PropertyValueSpecification\",\"valueRequired\":true,\"valueName\":\"search_term_string\"}}],\"inLanguage\":\"pl-PL\"}]}<\/script>\n<!-- \/ Yoast SEO plugin. -->","yoast_head_json":{"title":"Galeria Sztuki OffGallery | Galeria Sztuki OffGallery","description":"Skontaktuj si\u0119 z nasz\u0105 galeri\u0105 sztuki wsp\u00f3\u0142czesnej online. Zainwestuj w wyj\u0105tkowe malarstwo, rze\u017ab\u0119, ceramik\u0119 i fotografi\u0119. Napisz do nas do Bielska - Bia\u0142ej.","robots":{"index":"index","follow":"follow","max-snippet":"max-snippet:-1","max-image-preview":"max-image-preview:large","max-video-preview":"max-video-preview:-1"},"canonical":"https:\/\/artoffgallery.com\/pl\/kontakt","og_locale":"pl_PL","og_type":"article","og_title":"Galeria Sztuki OffGallery | Galeria Sztuki OffGallery","og_description":"Skontaktuj si\u0119 z nasz\u0105 galeri\u0105 sztuki wsp\u00f3\u0142czesnej online. Zainwestuj w wyj\u0105tkowe malarstwo, rze\u017ab\u0119, ceramik\u0119 i fotografi\u0119. Napisz do nas do Bielska - Bia\u0142ej.","og_url":"https:\/\/artoffgallery.com\/pl\/kontakt","og_site_name":"Galeria Sztuki OffGallery","article_modified_time":"2026-01-20T06:55:01+00:00","twitter_card":"summary_large_image","schema":{"@context":"https:\/\/schema.org","@graph":[{"@type":"WebPage","@id":"https:\/\/artoffgallery.com\/pl\/kontakt","url":"https:\/\/artoffgallery.com\/pl\/kontakt","name":"Galeria Sztuki OffGallery | Galeria Sztuki OffGallery","isPartOf":{"@id":"https:\/\/artoffgallery.com\/pl\/#website"},"datePublished":"2019-09-16T22:04:00+00:00","dateModified":"2026-01-20T06:55:01+00:00","description":"Skontaktuj si\u0119 z nasz\u0105 galeri\u0105 sztuki wsp\u00f3\u0142czesnej online. Zainwestuj w wyj\u0105tkowe malarstwo, rze\u017ab\u0119, ceramik\u0119 i fotografi\u0119. Napisz do nas do Bielska - Bia\u0142ej.","breadcrumb":{"@id":"https:\/\/artoffgallery.com\/pl\/kontakt#breadcrumb"},"inLanguage":"pl-PL","potentialAction":[{"@type":"ReadAction","target":["https:\/\/artoffgallery.com\/pl\/kontakt"]}]},{"@type":"BreadcrumbList","@id":"https:\/\/artoffgallery.com\/pl\/kontakt#breadcrumb","itemListElement":[{"@type":"ListItem","position":1,"name":"Strona g\u0142\u00f3wna","item":"https:\/\/artoffgallery.com\/pl"},{"@type":"ListItem","position":2,"name":"Galeria Sztuki OffGallery"}]},{"@type":"WebSite","@id":"https:\/\/artoffgallery.com\/pl\/#website","url":"https:\/\/artoffgallery.com\/pl\/","name":"Galeria Sztuki OffGallery","description":"galeria sztuki online - Bielsko Bia\u0142a - PL","potentialAction":[{"@type":"SearchAction","target":{"@type":"EntryPoint","urlTemplate":"https:\/\/artoffgallery.com\/pl\/?s={search_term_string}"},"query-input":{"@type":"PropertyValueSpecification","valueRequired":true,"valueName":"search_term_string"}}],"inLanguage":"pl-PL"}]}},"_links":{"self":[{"href":"https:\/\/artoffgallery.com\/pl\/wp-json\/wp\/v2\/pages\/2","targetHints":{"allow":["GET"]}}],"collection":[{"href":"https:\/\/artoffgallery.com\/pl\/wp-json\/wp\/v2\/pages"}],"about":[{"href":"https:\/\/artoffgallery.com\/pl\/wp-json\/wp\/v2\/types\/page"}],"author":[{"embeddable":true,"href":"https:\/\/artoffgallery.com\/pl\/wp-json\/wp\/v2\/users\/1"}],"replies":[{"embeddable":true,"href":"https:\/\/artoffgallery.com\/pl\/wp-json\/wp\/v2\/comments?post=2"}],"version-history":[{"count":0,"href":"https:\/\/artoffgallery.com\/pl\/wp-json\/wp\/v2\/pages\/2\/revisions"}],"wp:attachment":[{"href":"https:\/\/artoffgallery.com\/pl\/wp-json\/wp\/v2\/media?parent=2"}],"curies":[{"name":"wp","href":"https:\/\/api.w.org\/{rel}","templated":true}]}}