{"id":1,"date":"2019-09-16T22:04:00","date_gmt":"2019-09-16T22:04:00","guid":{"rendered":"https:\/\/artoffgallery.com\/?page_id=1"},"modified":"2026-01-20T06:55:01","modified_gmt":"2026-01-20T06:55:01","slug":"dla-artystow","status":"publish","type":"page","link":"https:\/\/artoffgallery.com\/pl\/dla-artystow","title":{"rendered":"Kontakt dla Artyst\u00f3w"},"content":{"rendered":"<h2>Kontakt dla Artyst\u00f3w<\/h2>\n<p>Zapraszamy do wsp\u00f3\u0142pracy&nbsp;Artyst\u00f3w.<\/p>\n<p>Jeste\u015b profesjonaln\u0105\/ym Artyst\u0105\/k\u0105, absolwentem\/k\u0105 uczelni artystycznej lub innej uczelni o kierunku artystycznym, chcia\u0142by\u015b\/aby\u015b<\/p>\n<p>promowa\u0107 i sprzedawa\u0107 za naszym po\u015brednictwem swoj\u0105 tw\u00f3rczo\u015b\u0107 oraz z nami wsp\u00f3\u0142pracowa\u0107 &#8211; &nbsp;skontaktuj si\u0119 z nami.<\/p>\n<p>W celu nawi\u0105zania wsp\u00f3\u0142pracy z Galeri\u0105, prosimy o kontakt mailowy i\/lub telefoniczny.<\/p>\n<p>Wype\u0142nij formularz kontaktowy, prze\u015blij kr\u00f3tk\u0105 notk\u0119 biograficzn\u0105 i za\u0142\u0105cz kilka zdj\u0119\u0107 swoich prac (3-5 prac).<\/p>\n<p>Po weryfikacji nades\u0142anego materia\u0142u skontaktujemy si\u0119 z Tob\u0105 i poinformujemy o warunkach wsp\u00f3\u0142pracy.&nbsp;<\/p>\n<h2>Napisz do nas<\/h2>\n","protected":false},"excerpt":{"rendered":"<p>Kontakt dla Artyst\u00f3w Zapraszamy do wsp\u00f3\u0142pracy&nbsp;Artyst\u00f3w. Jeste\u015b profesjonaln\u0105\/ym Artyst\u0105\/k\u0105, absolwentem\/k\u0105 uczelni artystycznej lub innej uczelni o kierunku artystycznym, chcia\u0142by\u015b\/aby\u015b promowa\u0107 i sprzedawa\u0107 za naszym po\u015brednictwem swoj\u0105 tw\u00f3rczo\u015b\u0107 oraz z nami wsp\u00f3\u0142pracowa\u0107 &#8211; &nbsp;skontaktuj si\u0119 z nami. W celu nawi\u0105zania wsp\u00f3\u0142pracy z Galeri\u0105, prosimy o kontakt mailowy i\/lub telefoniczny. Wype\u0142nij formularz &hellip;<\/p>\n","protected":false},"author":1,"featured_media":0,"parent":0,"menu_order":0,"comment_status":"closed","ping_status":"closed","template":"","meta":{"footnotes":""},"class_list":["post-1","page","type-page","status-publish","hentry"],"yoast_head":"<!-- This site is optimized with the Yoast SEO plugin v26.8 - https:\/\/yoast.com\/product\/yoast-seo-wordpress\/ -->\n<title>Galeria Sztuki OffGallery<\/title>\n<meta name=\"description\" content=\"Poznaj artyst\u00f3w z naszej galerii sztuki wsp\u00f3\u0142czesnej online. Napisz do nas do Bielska - Bia\u0142ej.\" \/>\n<meta name=\"robots\" content=\"index, follow, max-snippet:-1, max-image-preview:large, max-video-preview:-1\" \/>\n<link rel=\"canonical\" href=\"https:\/\/artoffgallery.com\/pl\/dla-artystow\" \/>\n<meta property=\"og:locale\" content=\"pl_PL\" \/>\n<meta property=\"og:type\" content=\"article\" \/>\n<meta property=\"og:title\" content=\"Galeria Sztuki OffGallery\" \/>\n<meta property=\"og:description\" content=\"Poznaj artyst\u00f3w z naszej galerii sztuki wsp\u00f3\u0142czesnej online. Napisz do nas do Bielska - Bia\u0142ej.\" \/>\n<meta property=\"og:url\" content=\"https:\/\/artoffgallery.com\/pl\/dla-artystow\" \/>\n<meta property=\"og:site_name\" content=\"Galeria Sztuki OffGallery\" \/>\n<meta property=\"article:modified_time\" content=\"2026-01-20T06:55:01+00:00\" \/>\n<meta name=\"twitter:card\" content=\"summary_large_image\" \/>\n<meta name=\"twitter:label1\" content=\"Szacowany czas czytania\" \/>\n\t<meta name=\"twitter:data1\" content=\"1 minuta\" \/>\n<script type=\"application\/ld+json\" class=\"yoast-schema-graph\">{\"@context\":\"https:\/\/schema.org\",\"@graph\":[{\"@type\":\"WebPage\",\"@id\":\"https:\/\/artoffgallery.com\/pl\/dla-artystow\",\"url\":\"https:\/\/artoffgallery.com\/pl\/dla-artystow\",\"name\":\"Galeria Sztuki OffGallery\",\"isPartOf\":{\"@id\":\"https:\/\/artoffgallery.com\/pl\/#website\"},\"datePublished\":\"2019-09-16T22:04:00+00:00\",\"dateModified\":\"2026-01-20T06:55:01+00:00\",\"description\":\"Poznaj artyst\u00f3w z naszej galerii sztuki wsp\u00f3\u0142czesnej online. Napisz do nas do Bielska - Bia\u0142ej.\",\"breadcrumb\":{\"@id\":\"https:\/\/artoffgallery.com\/pl\/dla-artystow#breadcrumb\"},\"inLanguage\":\"pl-PL\",\"potentialAction\":[{\"@type\":\"ReadAction\",\"target\":[\"https:\/\/artoffgallery.com\/pl\/dla-artystow\"]}]},{\"@type\":\"BreadcrumbList\",\"@id\":\"https:\/\/artoffgallery.com\/pl\/dla-artystow#breadcrumb\",\"itemListElement\":[{\"@type\":\"ListItem\",\"position\":1,\"name\":\"Strona g\u0142\u00f3wna\",\"item\":\"https:\/\/artoffgallery.com\/pl\"},{\"@type\":\"ListItem\",\"position\":2,\"name\":\"Kontakt dla Artyst\u00f3w\"}]},{\"@type\":\"WebSite\",\"@id\":\"https:\/\/artoffgallery.com\/pl\/#website\",\"url\":\"https:\/\/artoffgallery.com\/pl\/\",\"name\":\"Galeria Sztuki OffGallery\",\"description\":\"galeria sztuki online - Bielsko Bia\u0142a - PL\",\"potentialAction\":[{\"@type\":\"SearchAction\",\"target\":{\"@type\":\"EntryPoint\",\"urlTemplate\":\"https:\/\/artoffgallery.com\/pl\/?s={search_term_string}\"},\"query-input\":{\"@type\":\"PropertyValueSpecification\",\"valueRequired\":true,\"valueName\":\"search_term_string\"}}],\"inLanguage\":\"pl-PL\"}]}<\/script>\n<!-- \/ Yoast SEO plugin. -->","yoast_head_json":{"title":"Galeria Sztuki OffGallery","description":"Poznaj artyst\u00f3w z naszej galerii sztuki wsp\u00f3\u0142czesnej online. Napisz do nas do Bielska - Bia\u0142ej.","robots":{"index":"index","follow":"follow","max-snippet":"max-snippet:-1","max-image-preview":"max-image-preview:large","max-video-preview":"max-video-preview:-1"},"canonical":"https:\/\/artoffgallery.com\/pl\/dla-artystow","og_locale":"pl_PL","og_type":"article","og_title":"Galeria Sztuki OffGallery","og_description":"Poznaj artyst\u00f3w z naszej galerii sztuki wsp\u00f3\u0142czesnej online. Napisz do nas do Bielska - Bia\u0142ej.","og_url":"https:\/\/artoffgallery.com\/pl\/dla-artystow","og_site_name":"Galeria Sztuki OffGallery","article_modified_time":"2026-01-20T06:55:01+00:00","twitter_card":"summary_large_image","twitter_misc":{"Szacowany czas czytania":"1 minuta"},"schema":{"@context":"https:\/\/schema.org","@graph":[{"@type":"WebPage","@id":"https:\/\/artoffgallery.com\/pl\/dla-artystow","url":"https:\/\/artoffgallery.com\/pl\/dla-artystow","name":"Galeria Sztuki OffGallery","isPartOf":{"@id":"https:\/\/artoffgallery.com\/pl\/#website"},"datePublished":"2019-09-16T22:04:00+00:00","dateModified":"2026-01-20T06:55:01+00:00","description":"Poznaj artyst\u00f3w z naszej galerii sztuki wsp\u00f3\u0142czesnej online. Napisz do nas do Bielska - Bia\u0142ej.","breadcrumb":{"@id":"https:\/\/artoffgallery.com\/pl\/dla-artystow#breadcrumb"},"inLanguage":"pl-PL","potentialAction":[{"@type":"ReadAction","target":["https:\/\/artoffgallery.com\/pl\/dla-artystow"]}]},{"@type":"BreadcrumbList","@id":"https:\/\/artoffgallery.com\/pl\/dla-artystow#breadcrumb","itemListElement":[{"@type":"ListItem","position":1,"name":"Strona g\u0142\u00f3wna","item":"https:\/\/artoffgallery.com\/pl"},{"@type":"ListItem","position":2,"name":"Kontakt dla Artyst\u00f3w"}]},{"@type":"WebSite","@id":"https:\/\/artoffgallery.com\/pl\/#website","url":"https:\/\/artoffgallery.com\/pl\/","name":"Galeria Sztuki OffGallery","description":"galeria sztuki online - Bielsko Bia\u0142a - PL","potentialAction":[{"@type":"SearchAction","target":{"@type":"EntryPoint","urlTemplate":"https:\/\/artoffgallery.com\/pl\/?s={search_term_string}"},"query-input":{"@type":"PropertyValueSpecification","valueRequired":true,"valueName":"search_term_string"}}],"inLanguage":"pl-PL"}]}},"_links":{"self":[{"href":"https:\/\/artoffgallery.com\/pl\/wp-json\/wp\/v2\/pages\/1","targetHints":{"allow":["GET"]}}],"collection":[{"href":"https:\/\/artoffgallery.com\/pl\/wp-json\/wp\/v2\/pages"}],"about":[{"href":"https:\/\/artoffgallery.com\/pl\/wp-json\/wp\/v2\/types\/page"}],"author":[{"embeddable":true,"href":"https:\/\/artoffgallery.com\/pl\/wp-json\/wp\/v2\/users\/1"}],"replies":[{"embeddable":true,"href":"https:\/\/artoffgallery.com\/pl\/wp-json\/wp\/v2\/comments?post=1"}],"version-history":[{"count":0,"href":"https:\/\/artoffgallery.com\/pl\/wp-json\/wp\/v2\/pages\/1\/revisions"}],"wp:attachment":[{"href":"https:\/\/artoffgallery.com\/pl\/wp-json\/wp\/v2\/media?parent=1"}],"curies":[{"name":"wp","href":"https:\/\/api.w.org\/{rel}","templated":true}]}}